{"id":18265,"date":"2024-05-30T09:10:01","date_gmt":"2024-05-30T09:10:01","guid":{"rendered":"https:\/\/www.philippegronon.com\/links\/"},"modified":"2024-05-30T09:10:01","modified_gmt":"2024-05-30T09:10:01","slug":"links","status":"publish","type":"page","link":"https:\/\/www.philippegronon.com\/en\/links\/","title":{"rendered":"Links"},"content":{"rendered":"\t\t<div data-elementor-type=\"wp-page\" data-elementor-id=\"18265\" class=\"elementor elementor-18265 elementor-15954\" data-elementor-post-type=\"page\">\n\t\t\t\t<div class=\"elementor-element elementor-element-4d28bb03 e-con-full e-flex wpr-particle-no wpr-jarallax-no wpr-parallax-no wpr-sticky-section-no wpr-equal-height-no e-con e-parent\" data-id=\"4d28bb03\" data-element_type=\"container\" data-e-type=\"container\">\n\t\t<div class=\"elementor-element elementor-element-6264e118 e-con-full e-flex wpr-particle-no wpr-jarallax-no wpr-parallax-no wpr-sticky-section-no wpr-equal-height-no e-con e-child\" data-id=\"6264e118\" data-element_type=\"container\" data-e-type=\"container\">\n\t\t<div class=\"elementor-element elementor-element-ee62fc6 e-flex e-con-boxed wpr-particle-no wpr-jarallax-no wpr-parallax-no wpr-sticky-section-no wpr-equal-height-no e-con e-child\" data-id=\"ee62fc6\" data-element_type=\"container\" data-e-type=\"container\" id=\"panel1\">\n\t\t\t\t\t<div class=\"e-con-inner\">\n\t\t\t\t<div class=\"elementor-element elementor-element-f81de81 dt-nav-menu_align-left dt-sub-menu_align-left elementor-widget elementor-widget-the7_nav-menu\" data-id=\"f81de81\" data-element_type=\"widget\" data-e-type=\"widget\" data-settings=\"{&quot;submenu_display&quot;:&quot;on_click&quot;}\" data-widget_type=\"the7_nav-menu.default\">\n\t\t\t\t<div class=\"elementor-widget-container\">\n\t\t\t\t\t<nav class=\"dt-nav-menu--main dt-nav-menu__container dt-sub-menu-display-on_click dt-icon-align- dt-icon-position- dt-sub-icon-position- dt-sub-icon-align- indicator-off\"><ul class=\"dt-nav-menu\"><li class=\"menu-item menu-item-type-post_type menu-item-object-page menu-item-16717 first depth-0\"><a href='https:\/\/www.philippegronon.com\/en\/bibliography\/' data-level='1'><span class=\"item-content\"><span class=\"menu-item-text\"><span class=\"menu-text\">Bibliography<\/span><\/span><\/span><span class=\"\" data-icon = \"\"> <\/span><\/a><\/li> <li class=\"menu-item menu-item-type-custom menu-item-object-custom menu-item-16719 last depth-0\"><a href='https:\/\/www.philippegronon.com\/liens\/' data-level='1'><span class=\"item-content\"><span class=\"menu-item-text\"><span class=\"menu-text\">Links<\/span><\/span><\/span><span class=\"\" data-icon = \"\"> <\/span><\/a><\/li> <\/ul><\/nav>\t\t\t\t<\/div>\n\t\t\t\t<\/div>\n\t\t\t\t\t<\/div>\n\t\t\t\t<\/div>\n\t\t\t\t<\/div>\n\t\t<div class=\"elementor-element elementor-element-28d4c9de e-flex e-con-boxed wpr-particle-no wpr-jarallax-no wpr-parallax-no wpr-sticky-section-no wpr-equal-height-no e-con e-child\" data-id=\"28d4c9de\" data-element_type=\"container\" data-e-type=\"container\">\n\t\t\t\t\t<div class=\"e-con-inner\">\n\t\t\t\t<div class=\"elementor-element elementor-element-6a25b19 elementor-widget elementor-widget-text-editor\" data-id=\"6a25b19\" data-element_type=\"widget\" data-e-type=\"widget\" data-widget_type=\"text-editor.default\">\n\t\t\t\t<div class=\"elementor-widget-container\">\n\t\t\t\t\t\t\t\t\t<p><a href=\"https:\/\/www.arte.tv\/fr\/videos\/093029-011-A\/gymnastique\/\">https:\/\/www.arte.tv\/fr\/videos\/093029-011-A\/gymnastique\/<\/a><a href=\"http:\/\/www.lespressesdureel.com\/ouvrage.php?id=5064&amp;menu=\" target=\"_blank\" rel=\"noopener\"><br \/><br \/>Philippe Gronon :\u00a0<em>Versos<\/em>\u00a0&#8211; Les presses du r\u00e9el (livre)<\/a><a href=\"http:\/\/www.lespressesdureel.com\/ouvrage.php?id=1868&amp;menu=\" target=\"_blank\" rel=\"noopener\"><br \/><br \/>Philippe Gronon :\u00a0<em>L\u2019objet de la photographie<\/em>\u00a0\u2013 Les presses du r\u00e9el (livre)<\/a><a href=\"http:\/\/creative.arte.tv\/fr\/episode\/philippe-gronon-reveler-des-objets-invisibles\" target=\"_blank\" rel=\"noopener\"><br \/><\/a><br \/><a href=\"http:\/\/marges.revues.org\/475\" target=\"_blank\" rel=\"noopener\">Revue d&#8217;Art Contemporain &#8211; Marges, Interview Philippe Gronon<\/a><br \/><br \/><a href=\"https:\/\/www.sfchronicle.com\/leahgarchik\/article\/A-whole-new-show-when-the-painting-s-turned-13865103.php\">SF Chronicle by Leah Garchik about the solo exhibition Versos at Modernism San Francisco &#8211; 2019<br \/><br \/><\/a><a href=\"http:\/\/www.sfweekly.com\/culture\/the-art-of-the-verso-coming-at-you-from-the-rear\/\">SF Weekly by Jonathan Curiel about the solo exhibition Versos at Modernism Gallery, San Francisco &#8211; 2019<\/a><br \/><br \/><a href=\"https:\/\/plone.unige.ch\/art-adr\/cases-affaires\/vallee-de-la-stour-2013-heritiers-jaffe-et-la-chaux-de-fonds\">Mus\u00e9e de la Chaux-de-Fonds, histoire de la restitution du tableau,\u00a0<em>La Vall\u00e9e de la Stour\u00a0<\/em>par John Constable et de la commande de son verso<\/a><a href=\"http:\/\/www.museepicassoparis.fr\/philippe-gronon-reveler\/\"><br \/><br \/><\/a><a href=\"http:\/\/www.museepicassoparis.fr\/philippe-gronon-reveler\/\">Exposition mus\u00e9e Picasso-Paris 2016,\u00a0<em>Philippe Gronon R\u00e9v\u00e9ler<\/em><br \/><\/a><a href=\"http:\/\/www.museepicassoparis.fr\/philippe-gronon-reveler\/\"><br \/><\/a><a href=\"http:\/\/archives.mamco.ch\/artistes_fichiers\/G\/gronon.html\">Philippe Gronon,\u00a0<em>L&#8217;objet de la photographie,<\/em>\u00a0Mamco Gen\u00e8ve &#8211; 2010<br \/><\/a><br \/><a href=\"http:\/\/libraryscienceexhibitionartists.blogspot.fr\/\" target=\"_blank\" rel=\"noopener\">Exposition\u00a0<em>Library Science,\u00a0<\/em>2011, Artspace, New Haven<\/a><a href=\"http:\/\/lunettesrouges.blog.lemonde.fr\/2012\/05\/12\/y-retourner-philippe-gronon\/\" target=\"_blank\" rel=\"noopener\"><br \/><\/a><br \/><a href=\"http:\/\/www.villamedici.it\/fr\/programme-culturel\/programme-culturel\/2010\/09\/laltro-lato-de-philippe-gronon\/\" target=\"_blank\" rel=\"noopener\">Exposition\u00a0<em>L&#8217;altro lato,<\/em>\u00a0Philippe Gronon, Villa Medici Rome 2010<\/a><a href=\"http:\/\/lunettesrouges.blog.lemonde.fr\/2012\/05\/12\/y-retourner-philippe-gronon\/\" target=\"_blank\" rel=\"noopener\"><br \/><\/a><a href=\"http:\/\/lunettesrouges.blog.lemonde.fr\/2012\/05\/12\/y-retourner-philippe-gronon\/\" target=\"_blank\" rel=\"noopener\"><br \/><\/a><a href=\"http:\/\/lunettesrouges.blog.lemonde.fr\/2012\/05\/12\/y-retourner-philippe-gronon\/\" target=\"_blank\" rel=\"noopener\">Exposition mus\u00e9e des beaux art de Dijon, Philippe Gronon 2012 | &#8221; Par Rose Chiffon pour Lunettes Rouges&#8221; Amateur d&#8217;art<\/a><a href=\"http:\/\/lunettesrouges.blog.lemonde.fr\/2012\/05\/12\/y-retourner-philippe-gronon\/\" target=\"_blank\" rel=\"noopener\"><br \/><br \/><\/a><a href=\"http:\/\/lunettesrouges.blog.lemonde.fr\/page\/2\/?s=gronon\" target=\"_blank\" rel=\"noopener\">Exposition Versos Galerie Verney Carron 2009 &#8220;Par Lunettes Rouges&#8221; Amateur d&#8217;art |<\/a><a href=\"http:\/\/lunettesrouges.blog.lemonde.fr\/2012\/05\/12\/y-retourner-philippe-gronon\/\" target=\"_blank\" rel=\"noopener\"><br \/><\/a><a href=\"http:\/\/lunettesrouges.blog.lemonde.fr\/2012\/05\/12\/y-retourner-philippe-gronon\/\" target=\"_blank\" rel=\"noopener\"><br \/><\/a><a href=\"http:\/\/www.artslant.com\/par\/articles\/show\/2124\" target=\"_blank\" rel=\"noopener\">ArtSlant &#8211; Interview Philippe Gronon,\u00a0<em>What Cannot Be Seen,\u00a0<\/em>2008<\/a><a href=\"http:\/\/lunettesrouges.blog.lemonde.fr\/2012\/05\/12\/y-retourner-philippe-gronon\/\" target=\"_blank\" rel=\"noopener\"><br \/><\/a><a href=\"http:\/\/lunettesrouges.blog.lemonde.fr\/2012\/05\/12\/y-retourner-philippe-gronon\/\" target=\"_blank\" rel=\"noopener\"><br \/><\/a><a href=\"http:\/\/fugitivevision.blogspot.fr\/2009\/07\/studio-visit-philippe-gronon.html\" target=\"_blank\" rel=\"noopener\">Fugitive Vision: Studio Visit, Philippe Gronon, 2008<\/a><a href=\"http:\/\/lunettesrouges.blog.lemonde.fr\/2012\/05\/12\/y-retourner-philippe-gronon\/\" target=\"_blank\" rel=\"noopener\"><br \/><\/a><a href=\"http:\/\/lunettesrouges.blog.lemonde.fr\/2012\/05\/12\/y-retourner-philippe-gronon\/\" target=\"_blank\" rel=\"noopener\"><br \/><\/a><a href=\"http:\/\/laurenknighton.blogspot.fr\/2008\/07\/file-under-philippe-gronon.html\" target=\"_blank\" rel=\"noopener\">Exhibition\u00a0<em>Philippe Gronon,\u00a0<\/em>Yossi Milo Gallery NY, 2008 by Lauren Knighton<\/a><\/p>\t\t\t\t\t\t\t\t<\/div>\n\t\t\t\t<\/div>\n\t\t\t\t\t<\/div>\n\t\t\t\t<\/div>\n\t\t\t\t<\/div>\n\t\t\t\t<\/div>\n\t\t","protected":false},"excerpt":{"rendered":"<p>https:\/\/www.arte.tv\/fr\/videos\/093029-011-A\/gymnastique\/ Philippe Gronon : Versos &#8211; Les presses du r\u00e9el (livre) Philippe Gronon : L\u2019objet de la photographie \u2013 Les presses du r\u00e9el (livre)Revue d&#8217;Art Contemporain &#8211; Marges, Interview Philippe Gronon SF Chronicle by Leah Garchik about the solo exhibition Versos at Modernism San Francisco &#8211; 2019 SF Weekly by Jonathan Curiel about the solo exhibition Versos at Modernism Gallery, San Francisco &#8211; 2019 Mus\u00e9e de la Chaux-de-Fonds, histoire de la restitution du tableau, La Vall\u00e9e de la Stour par John Constable et de la commande de son verso Exposition mus\u00e9e Picasso-Paris 2016, Philippe Gronon R\u00e9v\u00e9lerPhilippe Gronon, L&#8217;objet de la photographie, Mamco Gen\u00e8ve &#8211; 2010Exposition Library Science, 2011, Artspace, New HavenExposition L&#8217;altro lato, Philippe Gronon, Villa Medici Rome 2010Exposition mus\u00e9e des beaux art de Dijon, Philippe Gronon 2012 | &#8221; Par Rose Chiffon pour Lunettes Rouges&#8221; Amateur d&#8217;art Exposition Versos Galerie Verney Carron 2009 &#8220;Par Lunettes Rouges&#8221; Amateur d&#8217;art |ArtSlant &#8211; Interview Philippe Gronon, What Cannot Be Seen, 2008Fugitive Vision: Studio Visit, Philippe Gronon, 2008Exhibition Philippe Gronon, Yossi Milo Gallery NY, 2008 by Lauren Knighton<\/p>\n","protected":false},"author":2,"featured_media":0,"parent":0,"menu_order":0,"comment_status":"closed","ping_status":"closed","template":"elementor_header_footer","meta":{"inline_featured_image":false,"footnotes":""},"class_list":["post-18265","page","type-page","status-publish","hentry"],"yoast_head":"<!-- This site is optimized with the Yoast SEO plugin v27.4 - https:\/\/yoast.com\/product\/yoast-seo-wordpress\/ -->\n<title>Links - Philippe Gronon<\/title>\n<meta name=\"robots\" content=\"index, follow, max-snippet:-1, max-image-preview:large, max-video-preview:-1\" \/>\n<link rel=\"canonical\" href=\"https:\/\/www.philippegronon.com\/en\/links\/\" \/>\n<meta property=\"og:locale\" content=\"en_US\" \/>\n<meta property=\"og:type\" content=\"article\" \/>\n<meta property=\"og:title\" content=\"Links - Philippe Gronon\" \/>\n<meta property=\"og:description\" content=\"https:\/\/www.arte.tv\/fr\/videos\/093029-011-A\/gymnastique\/ Philippe Gronon : Versos &#8211; Les presses du r\u00e9el (livre) Philippe Gronon : L\u2019objet de la photographie \u2013 Les presses du r\u00e9el (livre)Revue d&#8217;Art Contemporain &#8211; Marges, Interview Philippe Gronon SF Chronicle by Leah Garchik about the solo exhibition Versos at Modernism San Francisco &#8211; 2019 SF Weekly by Jonathan Curiel about the solo exhibition Versos at Modernism Gallery, San Francisco &#8211; 2019 Mus\u00e9e de la Chaux-de-Fonds, histoire de la restitution du tableau, La Vall\u00e9e de la Stour par John Constable et de la commande de son verso Exposition mus\u00e9e Picasso-Paris 2016, Philippe Gronon R\u00e9v\u00e9lerPhilippe Gronon, L&#8217;objet de la photographie, Mamco Gen\u00e8ve &#8211; 2010Exposition Library Science, 2011, Artspace, New HavenExposition L&#8217;altro lato, Philippe Gronon, Villa Medici Rome 2010Exposition mus\u00e9e des beaux art de Dijon, Philippe Gronon 2012 | &#8221; Par Rose Chiffon pour Lunettes Rouges&#8221; Amateur d&#8217;art Exposition Versos Galerie Verney Carron 2009 &#8220;Par Lunettes Rouges&#8221; Amateur d&#8217;art |ArtSlant &#8211; Interview Philippe Gronon, What Cannot Be Seen, 2008Fugitive Vision: Studio Visit, Philippe Gronon, 2008Exhibition Philippe Gronon, Yossi Milo Gallery NY, 2008 by Lauren Knighton\" \/>\n<meta property=\"og:url\" content=\"https:\/\/www.philippegronon.com\/en\/links\/\" \/>\n<meta property=\"og:site_name\" content=\"Philippe Gronon\" \/>\n<meta name=\"twitter:card\" content=\"summary_large_image\" \/>\n<meta name=\"twitter:label1\" content=\"Est. reading time\" \/>\n\t<meta name=\"twitter:data1\" content=\"1 minute\" \/>\n<script type=\"application\/ld+json\" class=\"yoast-schema-graph\">{\"@context\":\"https:\\\/\\\/schema.org\",\"@graph\":[{\"@type\":\"WebPage\",\"@id\":\"https:\\\/\\\/www.philippegronon.com\\\/en\\\/links\\\/\",\"url\":\"https:\\\/\\\/www.philippegronon.com\\\/en\\\/links\\\/\",\"name\":\"Links - Philippe Gronon\",\"isPartOf\":{\"@id\":\"https:\\\/\\\/www.philippegronon.com\\\/en\\\/#website\"},\"datePublished\":\"2024-05-30T09:10:01+00:00\",\"breadcrumb\":{\"@id\":\"https:\\\/\\\/www.philippegronon.com\\\/en\\\/links\\\/#breadcrumb\"},\"inLanguage\":\"en-US\",\"potentialAction\":[{\"@type\":\"ReadAction\",\"target\":[\"https:\\\/\\\/www.philippegronon.com\\\/en\\\/links\\\/\"]}]},{\"@type\":\"BreadcrumbList\",\"@id\":\"https:\\\/\\\/www.philippegronon.com\\\/en\\\/links\\\/#breadcrumb\",\"itemListElement\":[{\"@type\":\"ListItem\",\"position\":1,\"name\":\"Accueil\",\"item\":\"https:\\\/\\\/www.philippegronon.com\\\/en\\\/\"},{\"@type\":\"ListItem\",\"position\":2,\"name\":\"Links\"}]},{\"@type\":\"WebSite\",\"@id\":\"https:\\\/\\\/www.philippegronon.com\\\/en\\\/#website\",\"url\":\"https:\\\/\\\/www.philippegronon.com\\\/en\\\/\",\"name\":\"Philippe Gronon\",\"description\":\"\",\"publisher\":{\"@id\":\"https:\\\/\\\/www.philippegronon.com\\\/en\\\/#organization\"},\"potentialAction\":[{\"@type\":\"SearchAction\",\"target\":{\"@type\":\"EntryPoint\",\"urlTemplate\":\"https:\\\/\\\/www.philippegronon.com\\\/en\\\/?s={search_term_string}\"},\"query-input\":{\"@type\":\"PropertyValueSpecification\",\"valueRequired\":true,\"valueName\":\"search_term_string\"}}],\"inLanguage\":\"en-US\"},{\"@type\":\"Organization\",\"@id\":\"https:\\\/\\\/www.philippegronon.com\\\/en\\\/#organization\",\"name\":\"Philippe Gronon\",\"url\":\"https:\\\/\\\/www.philippegronon.com\\\/en\\\/\",\"logo\":{\"@type\":\"ImageObject\",\"inLanguage\":\"en-US\",\"@id\":\"https:\\\/\\\/www.philippegronon.com\\\/en\\\/#\\\/schema\\\/logo\\\/image\\\/\",\"url\":\"https:\\\/\\\/www.philippegronon.com\\\/wp-content\\\/uploads\\\/2024\\\/04\\\/logo-scaled.jpg\",\"contentUrl\":\"https:\\\/\\\/www.philippegronon.com\\\/wp-content\\\/uploads\\\/2024\\\/04\\\/logo-scaled.jpg\",\"width\":2560,\"height\":1241,\"caption\":\"Philippe Gronon\"},\"image\":{\"@id\":\"https:\\\/\\\/www.philippegronon.com\\\/en\\\/#\\\/schema\\\/logo\\\/image\\\/\"}}]}<\/script>\n<!-- \/ Yoast SEO plugin. -->","yoast_head_json":{"title":"Links - Philippe Gronon","robots":{"index":"index","follow":"follow","max-snippet":"max-snippet:-1","max-image-preview":"max-image-preview:large","max-video-preview":"max-video-preview:-1"},"canonical":"https:\/\/www.philippegronon.com\/en\/links\/","og_locale":"en_US","og_type":"article","og_title":"Links - Philippe Gronon","og_description":"https:\/\/www.arte.tv\/fr\/videos\/093029-011-A\/gymnastique\/ Philippe Gronon : Versos &#8211; Les presses du r\u00e9el (livre) Philippe Gronon : L\u2019objet de la photographie \u2013 Les presses du r\u00e9el (livre)Revue d&#8217;Art Contemporain &#8211; Marges, Interview Philippe Gronon SF Chronicle by Leah Garchik about the solo exhibition Versos at Modernism San Francisco &#8211; 2019 SF Weekly by Jonathan Curiel about the solo exhibition Versos at Modernism Gallery, San Francisco &#8211; 2019 Mus\u00e9e de la Chaux-de-Fonds, histoire de la restitution du tableau, La Vall\u00e9e de la Stour par John Constable et de la commande de son verso Exposition mus\u00e9e Picasso-Paris 2016, Philippe Gronon R\u00e9v\u00e9lerPhilippe Gronon, L&#8217;objet de la photographie, Mamco Gen\u00e8ve &#8211; 2010Exposition Library Science, 2011, Artspace, New HavenExposition L&#8217;altro lato, Philippe Gronon, Villa Medici Rome 2010Exposition mus\u00e9e des beaux art de Dijon, Philippe Gronon 2012 | &#8221; Par Rose Chiffon pour Lunettes Rouges&#8221; Amateur d&#8217;art Exposition Versos Galerie Verney Carron 2009 &#8220;Par Lunettes Rouges&#8221; Amateur d&#8217;art |ArtSlant &#8211; Interview Philippe Gronon, What Cannot Be Seen, 2008Fugitive Vision: Studio Visit, Philippe Gronon, 2008Exhibition Philippe Gronon, Yossi Milo Gallery NY, 2008 by Lauren Knighton","og_url":"https:\/\/www.philippegronon.com\/en\/links\/","og_site_name":"Philippe Gronon","twitter_card":"summary_large_image","twitter_misc":{"Est. reading time":"1 minute"},"schema":{"@context":"https:\/\/schema.org","@graph":[{"@type":"WebPage","@id":"https:\/\/www.philippegronon.com\/en\/links\/","url":"https:\/\/www.philippegronon.com\/en\/links\/","name":"Links - Philippe Gronon","isPartOf":{"@id":"https:\/\/www.philippegronon.com\/en\/#website"},"datePublished":"2024-05-30T09:10:01+00:00","breadcrumb":{"@id":"https:\/\/www.philippegronon.com\/en\/links\/#breadcrumb"},"inLanguage":"en-US","potentialAction":[{"@type":"ReadAction","target":["https:\/\/www.philippegronon.com\/en\/links\/"]}]},{"@type":"BreadcrumbList","@id":"https:\/\/www.philippegronon.com\/en\/links\/#breadcrumb","itemListElement":[{"@type":"ListItem","position":1,"name":"Accueil","item":"https:\/\/www.philippegronon.com\/en\/"},{"@type":"ListItem","position":2,"name":"Links"}]},{"@type":"WebSite","@id":"https:\/\/www.philippegronon.com\/en\/#website","url":"https:\/\/www.philippegronon.com\/en\/","name":"Philippe Gronon","description":"","publisher":{"@id":"https:\/\/www.philippegronon.com\/en\/#organization"},"potentialAction":[{"@type":"SearchAction","target":{"@type":"EntryPoint","urlTemplate":"https:\/\/www.philippegronon.com\/en\/?s={search_term_string}"},"query-input":{"@type":"PropertyValueSpecification","valueRequired":true,"valueName":"search_term_string"}}],"inLanguage":"en-US"},{"@type":"Organization","@id":"https:\/\/www.philippegronon.com\/en\/#organization","name":"Philippe Gronon","url":"https:\/\/www.philippegronon.com\/en\/","logo":{"@type":"ImageObject","inLanguage":"en-US","@id":"https:\/\/www.philippegronon.com\/en\/#\/schema\/logo\/image\/","url":"https:\/\/www.philippegronon.com\/wp-content\/uploads\/2024\/04\/logo-scaled.jpg","contentUrl":"https:\/\/www.philippegronon.com\/wp-content\/uploads\/2024\/04\/logo-scaled.jpg","width":2560,"height":1241,"caption":"Philippe Gronon"},"image":{"@id":"https:\/\/www.philippegronon.com\/en\/#\/schema\/logo\/image\/"}}]}},"_links":{"self":[{"href":"https:\/\/www.philippegronon.com\/en\/wp-json\/wp\/v2\/pages\/18265","targetHints":{"allow":["GET"]}}],"collection":[{"href":"https:\/\/www.philippegronon.com\/en\/wp-json\/wp\/v2\/pages"}],"about":[{"href":"https:\/\/www.philippegronon.com\/en\/wp-json\/wp\/v2\/types\/page"}],"author":[{"embeddable":true,"href":"https:\/\/www.philippegronon.com\/en\/wp-json\/wp\/v2\/users\/2"}],"replies":[{"embeddable":true,"href":"https:\/\/www.philippegronon.com\/en\/wp-json\/wp\/v2\/comments?post=18265"}],"version-history":[{"count":0,"href":"https:\/\/www.philippegronon.com\/en\/wp-json\/wp\/v2\/pages\/18265\/revisions"}],"wp:attachment":[{"href":"https:\/\/www.philippegronon.com\/en\/wp-json\/wp\/v2\/media?parent=18265"}],"curies":[{"name":"wp","href":"https:\/\/api.w.org\/{rel}","templated":true}]}}